{"id":3138,"date":"2025-01-17T14:14:51","date_gmt":"2025-01-17T13:14:51","guid":{"rendered":"https:\/\/meringolo.de\/?page_id=3138"},"modified":"2025-05-08T15:50:21","modified_gmt":"2025-05-08T14:50:21","slug":"info","status":"publish","type":"page","link":"https:\/\/meringolo.de\/hr\/info\/","title":{"rendered":"Info"},"content":{"rendered":"\t\t<div data-elementor-type=\"wp-page\" data-elementor-id=\"3138\" class=\"elementor elementor-3138\" data-elementor-post-type=\"page\">\n\t\t\t\t<div class=\"elementor-element elementor-element-6f0d359 e-flex e-con-boxed e-con e-parent\" data-id=\"6f0d359\" data-element_type=\"container\" data-e-type=\"container\">\n\t\t\t\t\t<div class=\"e-con-inner\">\n\t\t<div class=\"elementor-element elementor-element-04bece1 e-con-full e-flex e-con e-child\" data-id=\"04bece1\" data-element_type=\"container\" data-e-type=\"container\">\n\t\t\t\t<div class=\"elementor-element elementor-element-0f7006c elementor-widget elementor-widget-heading\" data-id=\"0f7006c\" data-element_type=\"widget\" data-e-type=\"widget\" data-widget_type=\"heading.default\">\n\t\t\t\t<div class=\"elementor-widget-container\">\n\t\t\t\t\t<h2 class=\"elementor-heading-title elementor-size-default\">Christian Meringolo<\/h2>\t\t\t\t<\/div>\n\t\t\t\t<\/div>\n\t\t\t\t<div class=\"elementor-element elementor-element-9a9c1f2 elementor-widget elementor-widget-text-editor\" data-id=\"9a9c1f2\" data-element_type=\"widget\" data-e-type=\"widget\" data-widget_type=\"text-editor.default\">\n\t\t\t\t<div class=\"elementor-widget-container\">\n\t\t\t\t\t\t\t\t\t<p>Christian Meringolo vrlo je rano znao da \u017eeli biti glazbenik. Ustrajne eksperimente s kazetofonom pratili su intenzivni satovi gitare od sedme do petnaeste godine.<\/p><p>Kasnije su uslijedile prve rezervacije sa glazbenim nastupima raz-li\u010ditih vrsta i namjena, \u0161to mu je bilo ujedno potvrda i motivacija.<br \/>Njegova velika ljubavi strast prema gitari (akusti\u010dnoj i elektri\u010dnoj) ostala je nepromijenjena do danas i nakon 20 godina iskustva svira je s virtuozno\u0161\u0107u i nepogre\u0161ivim stilom.<\/p>\t\t\t\t\t\t\t\t<\/div>\n\t\t\t\t<\/div>\n\t\t\t\t<\/div>\n\t\t<div class=\"elementor-element elementor-element-cf4404b e-con-full e-flex e-con e-child\" data-id=\"cf4404b\" data-element_type=\"container\" data-e-type=\"container\">\n\t\t\t\t<div class=\"elementor-element elementor-element-753ea64 elementor-widget elementor-widget-image\" data-id=\"753ea64\" data-element_type=\"widget\" data-e-type=\"widget\" data-widget_type=\"image.default\">\n\t\t\t\t<div class=\"elementor-widget-container\">\n\t\t\t\t\t\t\t\t\t\t\t\t\t\t\t<img fetchpriority=\"high\" decoding=\"async\" width=\"2048\" height=\"1366\" src=\"https:\/\/meringolo.de\/wp-content\/uploads\/2025\/01\/martin_misere-HQ-9926111-scaled-1-2048x1366.jpg\" class=\"attachment-2048x2048 size-2048x2048 wp-image-1313\" alt=\"martin_misere-HQ-9926111\" srcset=\"https:\/\/meringolo.de\/wp-content\/uploads\/2025\/01\/martin_misere-HQ-9926111-scaled-1-2048x1366.jpg 2048w, https:\/\/meringolo.de\/wp-content\/uploads\/2025\/01\/martin_misere-HQ-9926111-scaled-1-300x200.jpg 300w, https:\/\/meringolo.de\/wp-content\/uploads\/2025\/01\/martin_misere-HQ-9926111-scaled-1-1024x683.jpg 1024w, https:\/\/meringolo.de\/wp-content\/uploads\/2025\/01\/martin_misere-HQ-9926111-scaled-1-768x512.jpg 768w, https:\/\/meringolo.de\/wp-content\/uploads\/2025\/01\/martin_misere-HQ-9926111-scaled-1-1536x1024.jpg 1536w\" sizes=\"(max-width: 2048px) 100vw, 2048px\" \/>\t\t\t\t\t\t\t\t\t\t\t\t\t\t\t<\/div>\n\t\t\t\t<\/div>\n\t\t\t\t<\/div>\n\t\t\t\t\t<\/div>\n\t\t\t\t<\/div>\n\t\t<div class=\"elementor-element elementor-element-fd33f84 e-flex e-con-boxed e-con e-parent\" data-id=\"fd33f84\" data-element_type=\"container\" data-e-type=\"container\">\n\t\t\t\t\t<div class=\"e-con-inner\">\n\t\t<div class=\"elementor-element elementor-element-0604945 e-con-full e-flex e-con e-child\" data-id=\"0604945\" data-element_type=\"container\" data-e-type=\"container\">\n\t\t\t\t<div class=\"elementor-element elementor-element-693f4d2 elementor-widget elementor-widget-image\" data-id=\"693f4d2\" data-element_type=\"widget\" data-e-type=\"widget\" data-widget_type=\"image.default\">\n\t\t\t\t<div class=\"elementor-widget-container\">\n\t\t\t\t\t\t\t\t\t\t\t\t\t\t\t<img decoding=\"async\" width=\"1366\" height=\"2048\" src=\"https:\/\/meringolo.de\/wp-content\/uploads\/2025\/01\/Christian-Meringolo-io-e-te-Foto-by-Giacomo-Zucca-scaled-1-1366x2048.jpg\" class=\"attachment-2048x2048 size-2048x2048 wp-image-989\" alt=\"\" srcset=\"https:\/\/meringolo.de\/wp-content\/uploads\/2025\/01\/Christian-Meringolo-io-e-te-Foto-by-Giacomo-Zucca-scaled-1-1366x2048.jpg 1366w, https:\/\/meringolo.de\/wp-content\/uploads\/2025\/01\/Christian-Meringolo-io-e-te-Foto-by-Giacomo-Zucca-scaled-1-200x300.jpg 200w, https:\/\/meringolo.de\/wp-content\/uploads\/2025\/01\/Christian-Meringolo-io-e-te-Foto-by-Giacomo-Zucca-scaled-1-683x1024.jpg 683w, https:\/\/meringolo.de\/wp-content\/uploads\/2025\/01\/Christian-Meringolo-io-e-te-Foto-by-Giacomo-Zucca-scaled-1-768x1152.jpg 768w, https:\/\/meringolo.de\/wp-content\/uploads\/2025\/01\/Christian-Meringolo-io-e-te-Foto-by-Giacomo-Zucca-scaled-1-1024x1536.jpg 1024w, https:\/\/meringolo.de\/wp-content\/uploads\/2025\/01\/Christian-Meringolo-io-e-te-Foto-by-Giacomo-Zucca-scaled-1.jpg 1707w\" sizes=\"(max-width: 1366px) 100vw, 1366px\" \/>\t\t\t\t\t\t\t\t\t\t\t\t\t\t\t<\/div>\n\t\t\t\t<\/div>\n\t\t\t\t<\/div>\n\t\t<div class=\"elementor-element elementor-element-593b7e6 e-con-full e-flex e-con e-child\" data-id=\"593b7e6\" data-element_type=\"container\" data-e-type=\"container\">\n\t\t\t\t<div class=\"elementor-element elementor-element-ea475fb elementor-widget elementor-widget-heading\" data-id=\"ea475fb\" data-element_type=\"widget\" data-e-type=\"widget\" data-widget_type=\"heading.default\">\n\t\t\t\t<div class=\"elementor-widget-container\">\n\t\t\t\t\t<h3 class=\"elementor-heading-title elementor-size-default\">Izme\u0111u glazbe i posla<\/h3>\t\t\t\t<\/div>\n\t\t\t\t<\/div>\n\t\t\t\t<div class=\"elementor-element elementor-element-dfa4a0d elementor-widget elementor-widget-text-editor\" data-id=\"dfa4a0d\" data-element_type=\"widget\" data-e-type=\"widget\" data-widget_type=\"text-editor.default\">\n\t\t\t\t<div class=\"elementor-widget-container\">\n\t\t\t\t\t\t\t\t\t<p>Na pitanje o idolima ili utjecajima poznatih glazbenika, imenuje Erosa Ramazzottija, Zucchera, Richarda Ashcrofta, Joea Bonamas-su, Everlasta i Johnnyja Casha. 2007. godine snimio je svoj prvi al-bum \u201cCrescendo\u201d. Neke zvu\u010dne zapise za filmove i audio knjige pratili su videoisje\u010dci od 2010. nadalje, uklju\u010duju\u0107i pjesmu Todo Puede Cambiar, povodom Svjetskog dana mladih u Madridu. Nje-gov drugi studijski album \u201cLife and Love\u201d objavljen je 2012. godine.<\/p><p>Svestran na glazbenoj sceni, individualist u stilu i glazbenom izri\u010daju, autenti\u010dan i prizemljen. Ovako ga opisuju njegovi obo\u017ea-vatelji. I sam Christian Meringolo opisuje se kao porijeklom iz Bonna s njema\u010dkom i talijanskom nacionalno\u0161\u0107u. Izvorno mu je pala na pamet ideja da se kroz regiju kre\u0107e kao talijanski glazbenik u NRW-u. U me\u0111uvremenu je njegova live glazba tra\u017eena u cijeloj Njema\u010dkoj, Austriji i Italiji.<\/p><p>Njegova koncertna serija \u201cChristian Meringolo &amp; Friends\u201d uspje\u0161no je pokrenuta u rujnu 2016. godine i od tada se odr\u017eava svake godine u Bonner Harmonie. Posebni gosti na pozornici bili su Makeda, Rafael Cort\u00e9s, Riccardo Doppio, Yasmina Hunzinger ( The Voice Njema\u010dke) i Ricardo Marinello (pobjednik prvog Supertalent showa).<\/p><p>Osim toga, ovaj strastveni talijanski glazbenik prati kruzer brod (MS Amadea) od 2019. godine na razli\u010ditim putovanjima \u0161irom svi-jeta.<\/p><p>Christian Meringolo i njegov bend sviraju izme\u0111u 80 i 100 nastupa godi\u0161nje najrazli\u010ditijih prigoda. 2018. Studijski album \u201cSOLARE\u201d objavljen je u ljeto 2022.<\/p><p>godine.<\/p>\t\t\t\t\t\t\t\t<\/div>\n\t\t\t\t<\/div>\n\t\t\t\t<\/div>\n\t\t\t\t\t<\/div>\n\t\t\t\t<\/div>\n\t\t<div class=\"elementor-element elementor-element-f307a41 e-con-full e-flex e-con e-parent\" data-id=\"f307a41\" data-element_type=\"container\" data-e-type=\"container\" data-settings=\"{&quot;background_background&quot;:&quot;classic&quot;}\">\n\t\t<div class=\"elementor-element elementor-element-fa9ee6b e-con-full e-flex e-con e-child\" data-id=\"fa9ee6b\" data-element_type=\"container\" data-e-type=\"container\">\n\t\t\t\t<div class=\"elementor-element elementor-element-943b91c elementor-widget elementor-widget-n-accordion\" data-id=\"943b91c\" data-element_type=\"widget\" data-e-type=\"widget\" data-settings=\"{&quot;default_state&quot;:&quot;all_collapsed&quot;,&quot;max_items_expended&quot;:&quot;multiple&quot;,&quot;n_accordion_animation_duration&quot;:{&quot;unit&quot;:&quot;ms&quot;,&quot;size&quot;:400,&quot;sizes&quot;:[]}}\" data-widget_type=\"nested-accordion.default\">\n\t\t\t\t<div class=\"elementor-widget-container\">\n\t\t\t\t\t\t\t<div class=\"e-n-accordion\" aria-label=\"Accordion. Open links with Enter or Space, close with Escape, and navigate with Arrow Keys\">\n\t\t\t\t\t\t<details id=\"e-n-accordion-item-1550\" class=\"e-n-accordion-item\" >\n\t\t\t\t<summary class=\"e-n-accordion-item-title\" data-accordion-index=\"1\" tabindex=\"0\" aria-expanded=\"false\" aria-controls=\"e-n-accordion-item-1550\" >\n\t\t\t\t\t<span class='e-n-accordion-item-title-header'><h3 class=\"e-n-accordion-item-title-text\"> Glazbeno iskustvo <\/h3><\/span>\n\t\t\t\t\t\t\t\t\t<\/summary>\n\t\t\t\t<div role=\"region\" aria-labelledby=\"e-n-accordion-item-1550\" class=\"elementor-element elementor-element-82cba82 e-con-full e-flex e-con e-child\" data-id=\"82cba82\" data-element_type=\"container\" data-e-type=\"container\">\n\t\t<div role=\"region\" aria-labelledby=\"e-n-accordion-item-1550\" class=\"elementor-element elementor-element-9d85fb1 e-flex e-con-boxed e-con e-child\" data-id=\"9d85fb1\" data-element_type=\"container\" data-e-type=\"container\">\n\t\t\t\t\t<div class=\"e-con-inner\">\n\t\t\t\t<div class=\"elementor-element elementor-element-ff1193c elementor-widget elementor-widget-text-editor\" data-id=\"ff1193c\" data-element_type=\"widget\" data-e-type=\"widget\" data-widget_type=\"text-editor.default\">\n\t\t\t\t<div class=\"elementor-widget-container\">\n\t\t\t\t\t\t\t\t\t<ul><li>\u0160kola gitare od 7 do 15 godina kod Ralfa Niesena.<\/li><li>Prvo pjeva\u010dko iskustvo s 12 godina.<\/li><li>Bo\u017ei\u0107ni koncerti s gitarom u razvojnoj dobi \u017eivota.<\/li><li>do 2002. gitarska glazba u crkvi (talijanska \u017eupa).<\/li><li>od 2002. tipkovnica (autodidakti\u010dka).<\/li><li>Osnivanje vlastite glazbene kompanije live &#8220;MUSICA LIVE&#8221; (u tom kontekstu, glazbena iskustva u\u017eivo u restoranima, na gradskim festivalima, srednjo\u0161kolskim balovima, vjen\u010danjima, ro\u0111endanima i dru\u0161tvenim zabavama.<\/li><li>Pridru\u017eio se bendu Los Gitanos iz K\u00f6lna kao pjeva\u010d i gitarist (\u0161panjolska i talijanska zabavna glazba).<\/li><li>Prvi nastup u regiji pod motom: Talijanska live glazba na NRW<\/li><li>satovi pjevanja s Yasminom Hunzinger (Glas Njema\u010dke)<\/li><li>Pridru\u017eio se bendu Joker\u2019s Joke iz D\u00fcsseldorfa (rock \/ pop) kao pjeva\u010d i gitarist<\/li><li>godine pridru\u017eio se tamnoplavom projektu kao gitarist.<\/li><li>Obiteljska turneja Rewe 2014. s tamnoplavom bojom u K\u00f6lnu, Stuttgartu, Bad Vilbelu i<\/li><li>Prvi vlastiti koncert &#8220;Christian Meringolo i prijatelji Una Notte Italiana A Bonn&#8221; u Bonn<\/li><li>Drugi koncert Christian Meringolo &amp; Friends u Bonn Harmonie.<\/li><li>nastup u Moskvi s Makedom na me\u0111unarodnom Artfootball turniru.<\/li><li>2018: Trio izvedba s Rafaelom Cort\u00e9som i Rafaelom Cort\u00e9som jr. na koncertu Christian Meringolo &amp; Friends.<\/li><li>Dva koncerta na kruzeru MS Amadea (ZDF Traumschiff) od Dubaija do Mjanmara.<\/li><li>Dvije rasprodane emisije u Bonner Harmonie s Christianom Meringolom i prijateljima.<\/li><li>4 tjedna krstarenja Mediteranom brodom sa kocertima na kruzeru<\/li><li>Putovanje u SADa i Srednju Ameriku sa konzertima na kruzeru<\/li><li>\u00a0<\/li><\/ul>\t\t\t\t\t\t\t\t<\/div>\n\t\t\t\t<\/div>\n\t\t\t\t\t<\/div>\n\t\t\t\t<\/div>\n\t\t\t\t<\/div>\n\t\t\t\t\t<\/details>\n\t\t\t\t\t\t<details id=\"e-n-accordion-item-1551\" class=\"e-n-accordion-item\" >\n\t\t\t\t<summary class=\"e-n-accordion-item-title\" data-accordion-index=\"2\" tabindex=\"-1\" aria-expanded=\"false\" aria-controls=\"e-n-accordion-item-1551\" >\n\t\t\t\t\t<span class='e-n-accordion-item-title-header'><h3 class=\"e-n-accordion-item-title-text\"> Iskustvo u studiju za snimanje <\/h3><\/span>\n\t\t\t\t\t\t\t\t\t<\/summary>\n\t\t\t\t<div role=\"region\" aria-labelledby=\"e-n-accordion-item-1551\" class=\"elementor-element elementor-element-940785e e-con-full e-flex e-con e-child\" data-id=\"940785e\" data-element_type=\"container\" data-e-type=\"container\">\n\t\t<div role=\"region\" aria-labelledby=\"e-n-accordion-item-1551\" class=\"elementor-element elementor-element-191da0e e-flex e-con-boxed e-con e-child\" data-id=\"191da0e\" data-element_type=\"container\" data-e-type=\"container\">\n\t\t\t\t\t<div class=\"e-con-inner\">\n\t\t\t\t<div class=\"elementor-element elementor-element-9e38e82 elementor-widget elementor-widget-text-editor\" data-id=\"9e38e82\" data-element_type=\"widget\" data-e-type=\"widget\" data-widget_type=\"text-editor.default\">\n\t\t\t\t<div class=\"elementor-widget-container\">\n\t\t\t\t\t\t\t\t\t<ul><li>prvo iskustvo u studiju za snimanje (privatno).<\/li><li>snimljen prvi studijski album &#8220;Crescendo&#8221;.<\/li><li>Snimke iz 2007. u Interface Recording Studios (K\u00f6ln).<\/li><li>Snimke vokala i gitare u SAE Studios Cologne.<\/li><li>Osnivanje izdava\u010dke ku\u0107e Fabian Roth\u00e4user i Christian Meringolo GbR.<\/li><li>Igrana uloga u pjesmi &#8220;Gdje su sve dobre stvari&#8221; s ujakom Ruskom<\/li><li>glas u pjesmi &#8220;Todo Puede Cambiar&#8221; za Svjetski dan mladih u Madridu.<\/li><li>bodovanje za Elfriede Weber (&#8220;Jin Shin Justsu&#8221;)<\/li><li>Audio knjiga iz 2012. za gospo\u0111u Elfriede Weber<\/li><li>Objavljen drugi studijski album &#8220;\u017divot \u00a8 Ljubav&#8221;.<\/li><li>iskustvo u 301 mastering studiju u K\u00f6lnu.<\/li><li>Postavka dokumentacije za &#8220;Siciliju u prolje\u0107e&#8221;.<\/li><li>vokalna snimka za Joker\u2018s Joke Stahlwerk D\u00fcsseldorf<\/li><li>snimateljski studio &#8220;za pjesmu o Taieru&#8221; u studiju za snimanje Eric Harings u D\u00fcsseldorfu<\/li><li>Snimke gitare za pjesmu Tima Petersa &#8220;Wein&#8221; iz 2015. u Dortmundu.<\/li><li>\u00a0<\/li><\/ul>\t\t\t\t\t\t\t\t<\/div>\n\t\t\t\t<\/div>\n\t\t\t\t\t<\/div>\n\t\t\t\t<\/div>\n\t\t\t\t<\/div>\n\t\t\t\t\t<\/details>\n\t\t\t\t\t\t<details id=\"e-n-accordion-item-1552\" class=\"e-n-accordion-item\" >\n\t\t\t\t<summary class=\"e-n-accordion-item-title\" data-accordion-index=\"3\" tabindex=\"-1\" aria-expanded=\"false\" aria-controls=\"e-n-accordion-item-1552\" >\n\t\t\t\t\t<span class='e-n-accordion-item-title-header'><h3 class=\"e-n-accordion-item-title-text\"> Video <\/h3><\/span>\n\t\t\t\t\t\t\t\t\t<\/summary>\n\t\t\t\t<div role=\"region\" aria-labelledby=\"e-n-accordion-item-1552\" class=\"elementor-element elementor-element-3411836 e-con-full e-flex e-con e-child\" data-id=\"3411836\" data-element_type=\"container\" data-e-type=\"container\">\n\t\t<div role=\"region\" aria-labelledby=\"e-n-accordion-item-1552\" class=\"elementor-element elementor-element-5ce49be e-flex e-con-boxed e-con e-child\" data-id=\"5ce49be\" data-element_type=\"container\" data-e-type=\"container\">\n\t\t\t\t\t<div class=\"e-con-inner\">\n\t\t\t\t<div class=\"elementor-element elementor-element-bc2daba elementor-widget elementor-widget-text-editor\" data-id=\"bc2daba\" data-element_type=\"widget\" data-e-type=\"widget\" data-widget_type=\"text-editor.default\">\n\t\t\t\t<div class=\"elementor-widget-container\">\n\t\t\t\t\t\t\t\t\t<ul><li>Snimanje video isje\u010dka &#8220;Petak nave\u010der&#8221; za ujaka Ruska.<\/li><li>Snimanje video spota &#8220;Todo Puede Cambiar&#8221;<\/li><li>Snimanje za vlastiti video spot &#8220;Daj mi znak&#8221;.<\/li><li>TV nastup 2014. godine s tamnoplavom bojom na \u201cSupertalentu\u201d (RTL).<\/li><li>Christian Meringolo i prijatelji Promo video.<\/li><li>promo video Christian Meringolo &amp; Band<\/li><li class=\"title\">2022 Video Release &#8220;Ciao Principessa&#8221;<\/li><li>2022 Video Release &#8220;La Paura&#8221;<\/li><li>2022 Video Release &#8220;L&#8217;Ultima Notte&#8221;<\/li><li>2023 Video Release &#8220;Passa&#8221;<\/li><li>2025 Video Release &#8220;Amore in Tre&#8221;<\/li><\/ul><p>\u00a0<\/p>\t\t\t\t\t\t\t\t<\/div>\n\t\t\t\t<\/div>\n\t\t\t\t\t<\/div>\n\t\t\t\t<\/div>\n\t\t\t\t<\/div>\n\t\t\t\t\t<\/details>\n\t\t\t\t\t\t<details id=\"e-n-accordion-item-1553\" class=\"e-n-accordion-item\" >\n\t\t\t\t<summary class=\"e-n-accordion-item-title\" data-accordion-index=\"4\" tabindex=\"-1\" aria-expanded=\"false\" aria-controls=\"e-n-accordion-item-1553\" >\n\t\t\t\t\t<span class='e-n-accordion-item-title-header'><h3 class=\"e-n-accordion-item-title-text\"> Daljnje informacije <\/h3><\/span>\n\t\t\t\t\t\t\t\t\t<\/summary>\n\t\t\t\t<div role=\"region\" aria-labelledby=\"e-n-accordion-item-1553\" class=\"elementor-element elementor-element-77ecacd e-con-full e-flex e-con e-child\" data-id=\"77ecacd\" data-element_type=\"container\" data-e-type=\"container\">\n\t\t<div role=\"region\" aria-labelledby=\"e-n-accordion-item-1553\" class=\"elementor-element elementor-element-a1118a8 e-flex e-con-boxed e-con e-child\" data-id=\"a1118a8\" data-element_type=\"container\" data-e-type=\"container\">\n\t\t\t\t\t<div class=\"e-con-inner\">\n\t\t\t\t<div class=\"elementor-element elementor-element-dee8161 elementor-widget elementor-widget-text-editor\" data-id=\"dee8161\" data-element_type=\"widget\" data-e-type=\"widget\" data-widget_type=\"text-editor.default\">\n\t\t\t\t<div class=\"elementor-widget-container\">\n\t\t\t\t\t\t\t\t\t<ul><li>Matura 2006, KonradAdenauerGimnazija Bonn<\/li><li>Kvalifikacija za upis na tehni\u010dki fakultet na talijanskom jeziku<\/li><li>2010. obuka za slu\u017ebenika za osiguranja i financije.<\/li><li>Samostalni komercijalni agent.<\/li><li>Osnivanje glazbene kompanije u\u017eivo &#8220;MUSICA LIVE&#8221;.<\/li><li>Osnivanje izdava\u010dke ku\u0107e Fabian Roth\u00e4user i Christian Meringolo GbR.<\/li><li>Drugi studijski album &#8220;LIFE and LOVE&#8221; uvr\u0161ten je u gradsku arhivu u Bonnu<\/li><li>Sastav i tekst \u201ePjesme o Taieru\u201c za kinesku industrijsku tvrtku Taier.<\/li><li>Portreti iz 2015. za projekt &#8220;Lica iz Bonna&#8221; autorice Beatrice Treydel.<\/li><li>Prvi nastup u inozemstvu kao bend za vjen\u010danja u Be\u010du, Perugi i Mallorci.<\/li><\/ul>\t\t\t\t\t\t\t\t<\/div>\n\t\t\t\t<\/div>\n\t\t\t\t\t<\/div>\n\t\t\t\t<\/div>\n\t\t\t\t<\/div>\n\t\t\t\t\t<\/details>\n\t\t\t\t\t<\/div>\n\t\t\t\t\t\t<\/div>\n\t\t\t\t<\/div>\n\t\t\t\t<\/div>\n\t\t\t\t<\/div>\n\t\t\t\t<\/div>\n\t\t","protected":false},"excerpt":{"rendered":"<p>Christian Meringolo Christian Meringolo vrlo je rano znao da \u017eeli biti glazbenik. Ustrajne eksperimente s kazetofonom pratili su intenzivni satovi gitare od sedme do petnaeste godine. Kasnije su uslijedile prve rezervacije sa glazbenim nastupima raz-li\u010ditih vrsta i namjena, \u0161to mu je bilo ujedno potvrda i motivacija.Njegova velika ljubavi strast prema gitari (akusti\u010dnoj i elektri\u010dnoj) ostala [&hellip;]<\/p>\n","protected":false},"author":1,"featured_media":0,"parent":0,"menu_order":0,"comment_status":"closed","ping_status":"closed","template":"","meta":{"footnotes":""},"class_list":["post-3138","page","type-page","status-publish","hentry"],"yoast_head":"<!-- This site is optimized with the Yoast SEO plugin v26.8 - https:\/\/yoast.com\/product\/yoast-seo-wordpress\/ -->\n<title>Info - Christian Meringolo<\/title>\n<meta name=\"robots\" content=\"index, follow, max-snippet:-1, max-image-preview:large, max-video-preview:-1\" \/>\n<link rel=\"canonical\" href=\"https:\/\/meringolo.de\/hr\/info\/\" \/>\n<meta property=\"og:locale\" content=\"hr_HR\" \/>\n<meta property=\"og:type\" content=\"article\" \/>\n<meta property=\"og:title\" content=\"Info - Christian Meringolo\" \/>\n<meta property=\"og:description\" content=\"Christian Meringolo Christian Meringolo vrlo je rano znao da \u017eeli biti glazbenik. Ustrajne eksperimente s kazetofonom pratili su intenzivni satovi gitare od sedme do petnaeste godine. Kasnije su uslijedile prve rezervacije sa glazbenim nastupima raz-li\u010ditih vrsta i namjena, \u0161to mu je bilo ujedno potvrda i motivacija.Njegova velika ljubavi strast prema gitari (akusti\u010dnoj i elektri\u010dnoj) ostala [&hellip;]\" \/>\n<meta property=\"og:url\" content=\"https:\/\/meringolo.de\/hr\/info\/\" \/>\n<meta property=\"og:site_name\" content=\"Christian Meringolo\" \/>\n<meta property=\"article:modified_time\" content=\"2025-05-08T14:50:21+00:00\" \/>\n<meta property=\"og:image\" content=\"https:\/\/meringolo.de\/wp-content\/uploads\/2025\/01\/martin_misere-HQ-9926111-scaled-1.jpg\" \/>\n\t<meta property=\"og:image:width\" content=\"2560\" \/>\n\t<meta property=\"og:image:height\" content=\"1707\" \/>\n\t<meta property=\"og:image:type\" content=\"image\/jpeg\" \/>\n<meta name=\"twitter:card\" content=\"summary_large_image\" \/>\n<meta name=\"twitter:label1\" content=\"Procijenjeno vrijeme \u010ditanja\" \/>\n\t<meta name=\"twitter:data1\" content=\"8 minuta\" \/>\n<script type=\"application\/ld+json\" class=\"yoast-schema-graph\">{\"@context\":\"https:\/\/schema.org\",\"@graph\":[{\"@type\":\"WebPage\",\"@id\":\"https:\/\/meringolo.de\/hr\/info\/\",\"url\":\"https:\/\/meringolo.de\/hr\/info\/\",\"name\":\"Info - Christian Meringolo\",\"isPartOf\":{\"@id\":\"https:\/\/meringolo.de\/hr\/#website\"},\"primaryImageOfPage\":{\"@id\":\"https:\/\/meringolo.de\/hr\/info\/#primaryimage\"},\"image\":{\"@id\":\"https:\/\/meringolo.de\/hr\/info\/#primaryimage\"},\"thumbnailUrl\":\"https:\/\/meringolo.de\/wp-content\/uploads\/2025\/01\/martin_misere-HQ-9926111-1-scaled.jpg\",\"datePublished\":\"2025-01-17T13:14:51+00:00\",\"dateModified\":\"2025-05-08T14:50:21+00:00\",\"breadcrumb\":{\"@id\":\"https:\/\/meringolo.de\/hr\/info\/#breadcrumb\"},\"inLanguage\":\"hr\",\"potentialAction\":[{\"@type\":\"ReadAction\",\"target\":[\"https:\/\/meringolo.de\/hr\/info\/\"]}]},{\"@type\":\"ImageObject\",\"inLanguage\":\"hr\",\"@id\":\"https:\/\/meringolo.de\/hr\/info\/#primaryimage\",\"url\":\"https:\/\/meringolo.de\/wp-content\/uploads\/2025\/01\/martin_misere-HQ-9926111-1-scaled.jpg\",\"contentUrl\":\"https:\/\/meringolo.de\/wp-content\/uploads\/2025\/01\/martin_misere-HQ-9926111-1-scaled.jpg\"},{\"@type\":\"BreadcrumbList\",\"@id\":\"https:\/\/meringolo.de\/hr\/info\/#breadcrumb\",\"itemListElement\":[{\"@type\":\"ListItem\",\"position\":1,\"name\":\"Startseite\",\"item\":\"https:\/\/meringolo.de\/hr\/\"},{\"@type\":\"ListItem\",\"position\":2,\"name\":\"Info\"}]},{\"@type\":\"WebSite\",\"@id\":\"https:\/\/meringolo.de\/hr\/#website\",\"url\":\"https:\/\/meringolo.de\/hr\/\",\"name\":\"Christian Meringolo\",\"description\":\"Live Musik\",\"potentialAction\":[{\"@type\":\"SearchAction\",\"target\":{\"@type\":\"EntryPoint\",\"urlTemplate\":\"https:\/\/meringolo.de\/hr\/?s={search_term_string}\"},\"query-input\":{\"@type\":\"PropertyValueSpecification\",\"valueRequired\":true,\"valueName\":\"search_term_string\"}}],\"inLanguage\":\"hr\"}]}<\/script>\n<!-- \/ Yoast SEO plugin. -->","yoast_head_json":{"title":"Info - Christian Meringolo","robots":{"index":"index","follow":"follow","max-snippet":"max-snippet:-1","max-image-preview":"max-image-preview:large","max-video-preview":"max-video-preview:-1"},"canonical":"https:\/\/meringolo.de\/hr\/info\/","og_locale":"hr_HR","og_type":"article","og_title":"Info - Christian Meringolo","og_description":"Christian Meringolo Christian Meringolo vrlo je rano znao da \u017eeli biti glazbenik. Ustrajne eksperimente s kazetofonom pratili su intenzivni satovi gitare od sedme do petnaeste godine. Kasnije su uslijedile prve rezervacije sa glazbenim nastupima raz-li\u010ditih vrsta i namjena, \u0161to mu je bilo ujedno potvrda i motivacija.Njegova velika ljubavi strast prema gitari (akusti\u010dnoj i elektri\u010dnoj) ostala [&hellip;]","og_url":"https:\/\/meringolo.de\/hr\/info\/","og_site_name":"Christian Meringolo","article_modified_time":"2025-05-08T14:50:21+00:00","og_image":[{"width":2560,"height":1707,"url":"https:\/\/meringolo.de\/wp-content\/uploads\/2025\/01\/martin_misere-HQ-9926111-scaled-1.jpg","type":"image\/jpeg"}],"twitter_card":"summary_large_image","twitter_misc":{"Procijenjeno vrijeme \u010ditanja":"8 minuta"},"schema":{"@context":"https:\/\/schema.org","@graph":[{"@type":"WebPage","@id":"https:\/\/meringolo.de\/hr\/info\/","url":"https:\/\/meringolo.de\/hr\/info\/","name":"Info - Christian Meringolo","isPartOf":{"@id":"https:\/\/meringolo.de\/hr\/#website"},"primaryImageOfPage":{"@id":"https:\/\/meringolo.de\/hr\/info\/#primaryimage"},"image":{"@id":"https:\/\/meringolo.de\/hr\/info\/#primaryimage"},"thumbnailUrl":"https:\/\/meringolo.de\/wp-content\/uploads\/2025\/01\/martin_misere-HQ-9926111-1-scaled.jpg","datePublished":"2025-01-17T13:14:51+00:00","dateModified":"2025-05-08T14:50:21+00:00","breadcrumb":{"@id":"https:\/\/meringolo.de\/hr\/info\/#breadcrumb"},"inLanguage":"hr","potentialAction":[{"@type":"ReadAction","target":["https:\/\/meringolo.de\/hr\/info\/"]}]},{"@type":"ImageObject","inLanguage":"hr","@id":"https:\/\/meringolo.de\/hr\/info\/#primaryimage","url":"https:\/\/meringolo.de\/wp-content\/uploads\/2025\/01\/martin_misere-HQ-9926111-1-scaled.jpg","contentUrl":"https:\/\/meringolo.de\/wp-content\/uploads\/2025\/01\/martin_misere-HQ-9926111-1-scaled.jpg"},{"@type":"BreadcrumbList","@id":"https:\/\/meringolo.de\/hr\/info\/#breadcrumb","itemListElement":[{"@type":"ListItem","position":1,"name":"Startseite","item":"https:\/\/meringolo.de\/hr\/"},{"@type":"ListItem","position":2,"name":"Info"}]},{"@type":"WebSite","@id":"https:\/\/meringolo.de\/hr\/#website","url":"https:\/\/meringolo.de\/hr\/","name":"Christian Meringolo","description":"Live Musik","potentialAction":[{"@type":"SearchAction","target":{"@type":"EntryPoint","urlTemplate":"https:\/\/meringolo.de\/hr\/?s={search_term_string}"},"query-input":{"@type":"PropertyValueSpecification","valueRequired":true,"valueName":"search_term_string"}}],"inLanguage":"hr"}]}},"_links":{"self":[{"href":"https:\/\/meringolo.de\/hr\/wp-json\/wp\/v2\/pages\/3138","targetHints":{"allow":["GET"]}}],"collection":[{"href":"https:\/\/meringolo.de\/hr\/wp-json\/wp\/v2\/pages"}],"about":[{"href":"https:\/\/meringolo.de\/hr\/wp-json\/wp\/v2\/types\/page"}],"author":[{"embeddable":true,"href":"https:\/\/meringolo.de\/hr\/wp-json\/wp\/v2\/users\/1"}],"replies":[{"embeddable":true,"href":"https:\/\/meringolo.de\/hr\/wp-json\/wp\/v2\/comments?post=3138"}],"version-history":[{"count":11,"href":"https:\/\/meringolo.de\/hr\/wp-json\/wp\/v2\/pages\/3138\/revisions"}],"predecessor-version":[{"id":3378,"href":"https:\/\/meringolo.de\/hr\/wp-json\/wp\/v2\/pages\/3138\/revisions\/3378"}],"wp:attachment":[{"href":"https:\/\/meringolo.de\/hr\/wp-json\/wp\/v2\/media?parent=3138"}],"curies":[{"name":"wp","href":"https:\/\/api.w.org\/{rel}","templated":true}]}}