{"id":3146,"date":"2025-01-17T14:19:51","date_gmt":"2025-01-17T13:19:51","guid":{"rendered":"https:\/\/meringolo.de\/?page_id=3146"},"modified":"2025-01-17T15:57:16","modified_gmt":"2025-01-17T14:57:16","slug":"internacionalna-glazba","status":"publish","type":"page","link":"https:\/\/meringolo.de\/hr\/internacionalna-glazba\/","title":{"rendered":"Internacionalna glazba"},"content":{"rendered":"\t\t<div data-elementor-type=\"wp-page\" data-elementor-id=\"3146\" class=\"elementor elementor-3146\" data-elementor-post-type=\"page\">\n\t\t\t\t<div class=\"elementor-element elementor-element-64894c4 e-flex e-con-boxed e-con e-parent\" data-id=\"64894c4\" data-element_type=\"container\" data-e-type=\"container\">\n\t\t\t\t\t<div class=\"e-con-inner\">\n\t\t<div class=\"elementor-element elementor-element-961aec6 e-con-full e-flex e-con e-child\" data-id=\"961aec6\" data-element_type=\"container\" data-e-type=\"container\">\n\t\t\t\t<div class=\"elementor-element elementor-element-e4e25e2 elementor-widget elementor-widget-video\" data-id=\"e4e25e2\" data-element_type=\"widget\" data-e-type=\"widget\" data-settings=\"{&quot;youtube_url&quot;:&quot;https:\\\/\\\/youtu.be\\\/5tmLMbPsiKU&quot;,&quot;video_type&quot;:&quot;youtube&quot;,&quot;controls&quot;:&quot;yes&quot;}\" data-widget_type=\"video.default\">\n\t\t\t\t<div class=\"elementor-widget-container\">\n\t\t\t\t\t\t\t<div class=\"elementor-wrapper elementor-open-inline\">\n\t\t\t<div class=\"elementor-video\"><\/div>\t\t<\/div>\n\t\t\t\t\t\t<\/div>\n\t\t\t\t<\/div>\n\t\t\t\t<\/div>\n\t\t<div class=\"elementor-element elementor-element-da456b5 e-con-full e-flex e-con e-child\" data-id=\"da456b5\" data-element_type=\"container\" data-e-type=\"container\">\n\t\t\t\t<div class=\"elementor-element elementor-element-0c72266 elementor-widget elementor-widget-heading\" data-id=\"0c72266\" data-element_type=\"widget\" data-e-type=\"widget\" data-widget_type=\"heading.default\">\n\t\t\t\t<div class=\"elementor-widget-container\">\n\t\t\t\t\t<h2 class=\"elementor-heading-title elementor-size-default\">Internacionalna glazba<\/h2>\t\t\t\t<\/div>\n\t\t\t\t<\/div>\n\t\t\t\t<div class=\"elementor-element elementor-element-3b5bc5d elementor-widget elementor-widget-heading\" data-id=\"3b5bc5d\" data-element_type=\"widget\" data-e-type=\"widget\" data-widget_type=\"heading.default\">\n\t\t\t\t<div class=\"elementor-widget-container\">\n\t\t\t\t\t<h5 class=\"elementor-heading-title elementor-size-default\">Moderan, \u0161armantan i emocionalno. Glazbeno oblikovanje prigoda zahti-jeva siguran instinkt. Christian Meringolo i njegov bend znaju odgovoriti po-trebama posjetitelja sve\u010danosti i prilagoditi izbor glazbe i glasno\u0107e dinamici prigode. Po\u0161aljite svoj zahtjev putem na\u0161eg obrasca za kontakt i javite nam va\u0161e posebne \u017eelje. Popis na\u0161ih referenci mo\u017ee se na\u0107i u datoteci s informaci-jama o izvo\u0111a\u010du.\n<\/h5>\t\t\t\t<\/div>\n\t\t\t\t<\/div>\n\t\t\t\t<\/div>\n\t\t\t\t\t<\/div>\n\t\t\t\t<\/div>\n\t\t<div class=\"elementor-element elementor-element-d64fdd4 e-flex e-con-boxed e-con e-parent\" data-id=\"d64fdd4\" data-element_type=\"container\" data-e-type=\"container\">\n\t\t\t\t\t<div class=\"e-con-inner\">\n\t\t<div class=\"elementor-element elementor-element-6a873b4 e-con-full e-flex e-con e-child\" data-id=\"6a873b4\" data-element_type=\"container\" data-e-type=\"container\">\n\t\t\t\t<div class=\"elementor-element elementor-element-93899a5 elementor-widget elementor-widget-video\" data-id=\"93899a5\" data-element_type=\"widget\" data-e-type=\"widget\" data-settings=\"{&quot;youtube_url&quot;:&quot;https:\\\/\\\/www.youtube.com\\\/watch?v=4332QiyKk_8&quot;,&quot;video_type&quot;:&quot;youtube&quot;,&quot;controls&quot;:&quot;yes&quot;}\" data-widget_type=\"video.default\">\n\t\t\t\t<div class=\"elementor-widget-container\">\n\t\t\t\t\t\t\t<div class=\"elementor-wrapper elementor-open-inline\">\n\t\t\t<div class=\"elementor-video\"><\/div>\t\t<\/div>\n\t\t\t\t\t\t<\/div>\n\t\t\t\t<\/div>\n\t\t\t\t<\/div>\n\t\t<div class=\"elementor-element elementor-element-860b14f e-con-full e-flex e-con e-child\" data-id=\"860b14f\" data-element_type=\"container\" data-e-type=\"container\">\n\t\t\t\t<div class=\"elementor-element elementor-element-c6abdda elementor-widget elementor-widget-video\" data-id=\"c6abdda\" data-element_type=\"widget\" data-e-type=\"widget\" data-settings=\"{&quot;youtube_url&quot;:&quot;https:\\\/\\\/youtu.be\\\/dHJfOy88bw8&quot;,&quot;video_type&quot;:&quot;youtube&quot;,&quot;controls&quot;:&quot;yes&quot;}\" data-widget_type=\"video.default\">\n\t\t\t\t<div class=\"elementor-widget-container\">\n\t\t\t\t\t\t\t<div class=\"elementor-wrapper elementor-open-inline\">\n\t\t\t<div class=\"elementor-video\"><\/div>\t\t<\/div>\n\t\t\t\t\t\t<\/div>\n\t\t\t\t<\/div>\n\t\t\t\t<\/div>\n\t\t\t\t\t<\/div>\n\t\t\t\t<\/div>\n\t\t<div class=\"elementor-element elementor-element-6e183fe e-grid e-con-boxed e-con e-parent\" data-id=\"6e183fe\" data-element_type=\"container\" data-e-type=\"container\">\n\t\t\t\t\t<div class=\"e-con-inner\">\n\t\t\t\t<div class=\"elementor-element elementor-element-1c21b41 elementor-widget elementor-widget-video\" data-id=\"1c21b41\" data-element_type=\"widget\" data-e-type=\"widget\" data-settings=\"{&quot;youtube_url&quot;:&quot;https:\\\/\\\/www.youtube.com\\\/watch?v=uTdLg6ik3q4&quot;,&quot;video_type&quot;:&quot;youtube&quot;,&quot;controls&quot;:&quot;yes&quot;}\" data-widget_type=\"video.default\">\n\t\t\t\t<div class=\"elementor-widget-container\">\n\t\t\t\t\t\t\t<div class=\"elementor-wrapper elementor-open-inline\">\n\t\t\t<div class=\"elementor-video\"><\/div>\t\t<\/div>\n\t\t\t\t\t\t<\/div>\n\t\t\t\t<\/div>\n\t\t\t\t\t<\/div>\n\t\t\t\t<\/div>\n\t\t\t\t<\/div>\n\t\t","protected":false},"excerpt":{"rendered":"<p>Internacionalna glazba Moderan, \u0161armantan i emocionalno. Glazbeno oblikovanje prigoda zahti-jeva siguran instinkt. Christian Meringolo i njegov bend znaju odgovoriti po-trebama posjetitelja sve\u010danosti i prilagoditi izbor glazbe i glasno\u0107e dinamici prigode. Po\u0161aljite svoj zahtjev putem na\u0161eg obrasca za kontakt i javite nam va\u0161e posebne \u017eelje. Popis na\u0161ih referenci mo\u017ee se na\u0107i u datoteci s informaci-jama o [&hellip;]<\/p>\n","protected":false},"author":1,"featured_media":0,"parent":0,"menu_order":0,"comment_status":"closed","ping_status":"closed","template":"","meta":{"footnotes":""},"class_list":["post-3146","page","type-page","status-publish","hentry"],"yoast_head":"<!-- This site is optimized with the Yoast SEO plugin v26.8 - https:\/\/yoast.com\/product\/yoast-seo-wordpress\/ -->\n<title>Internacionalna glazba - Christian Meringolo<\/title>\n<meta name=\"robots\" content=\"index, follow, max-snippet:-1, max-image-preview:large, max-video-preview:-1\" \/>\n<link rel=\"canonical\" href=\"https:\/\/meringolo.de\/hr\/internacionalna-glazba\/\" \/>\n<meta property=\"og:locale\" content=\"hr_HR\" \/>\n<meta property=\"og:type\" content=\"article\" \/>\n<meta property=\"og:title\" content=\"Internacionalna glazba - Christian Meringolo\" \/>\n<meta property=\"og:description\" content=\"Internacionalna glazba Moderan, \u0161armantan i emocionalno. Glazbeno oblikovanje prigoda zahti-jeva siguran instinkt. Christian Meringolo i njegov bend znaju odgovoriti po-trebama posjetitelja sve\u010danosti i prilagoditi izbor glazbe i glasno\u0107e dinamici prigode. Po\u0161aljite svoj zahtjev putem na\u0161eg obrasca za kontakt i javite nam va\u0161e posebne \u017eelje. Popis na\u0161ih referenci mo\u017ee se na\u0107i u datoteci s informaci-jama o [&hellip;]\" \/>\n<meta property=\"og:url\" content=\"https:\/\/meringolo.de\/hr\/internacionalna-glazba\/\" \/>\n<meta property=\"og:site_name\" content=\"Christian Meringolo\" \/>\n<meta property=\"article:modified_time\" content=\"2025-01-17T14:57:16+00:00\" \/>\n<meta name=\"twitter:card\" content=\"summary_large_image\" \/>\n<meta name=\"twitter:label1\" content=\"Procijenjeno vrijeme \u010ditanja\" \/>\n\t<meta name=\"twitter:data1\" content=\"1 minuta\" \/>\n<script type=\"application\/ld+json\" class=\"yoast-schema-graph\">{\"@context\":\"https:\/\/schema.org\",\"@graph\":[{\"@type\":\"WebPage\",\"@id\":\"https:\/\/meringolo.de\/hr\/internacionalna-glazba\/\",\"url\":\"https:\/\/meringolo.de\/hr\/internacionalna-glazba\/\",\"name\":\"Internacionalna glazba - Christian Meringolo\",\"isPartOf\":{\"@id\":\"https:\/\/meringolo.de\/hr\/#website\"},\"datePublished\":\"2025-01-17T13:19:51+00:00\",\"dateModified\":\"2025-01-17T14:57:16+00:00\",\"breadcrumb\":{\"@id\":\"https:\/\/meringolo.de\/hr\/internacionalna-glazba\/#breadcrumb\"},\"inLanguage\":\"hr\",\"potentialAction\":[{\"@type\":\"ReadAction\",\"target\":[\"https:\/\/meringolo.de\/hr\/internacionalna-glazba\/\"]}]},{\"@type\":\"BreadcrumbList\",\"@id\":\"https:\/\/meringolo.de\/hr\/internacionalna-glazba\/#breadcrumb\",\"itemListElement\":[{\"@type\":\"ListItem\",\"position\":1,\"name\":\"Startseite\",\"item\":\"https:\/\/meringolo.de\/hr\/\"},{\"@type\":\"ListItem\",\"position\":2,\"name\":\"Internacionalna glazba\"}]},{\"@type\":\"WebSite\",\"@id\":\"https:\/\/meringolo.de\/hr\/#website\",\"url\":\"https:\/\/meringolo.de\/hr\/\",\"name\":\"Christian Meringolo\",\"description\":\"Live Musik\",\"potentialAction\":[{\"@type\":\"SearchAction\",\"target\":{\"@type\":\"EntryPoint\",\"urlTemplate\":\"https:\/\/meringolo.de\/hr\/?s={search_term_string}\"},\"query-input\":{\"@type\":\"PropertyValueSpecification\",\"valueRequired\":true,\"valueName\":\"search_term_string\"}}],\"inLanguage\":\"hr\"}]}<\/script>\n<!-- \/ Yoast SEO plugin. -->","yoast_head_json":{"title":"Internacionalna glazba - Christian Meringolo","robots":{"index":"index","follow":"follow","max-snippet":"max-snippet:-1","max-image-preview":"max-image-preview:large","max-video-preview":"max-video-preview:-1"},"canonical":"https:\/\/meringolo.de\/hr\/internacionalna-glazba\/","og_locale":"hr_HR","og_type":"article","og_title":"Internacionalna glazba - Christian Meringolo","og_description":"Internacionalna glazba Moderan, \u0161armantan i emocionalno. Glazbeno oblikovanje prigoda zahti-jeva siguran instinkt. Christian Meringolo i njegov bend znaju odgovoriti po-trebama posjetitelja sve\u010danosti i prilagoditi izbor glazbe i glasno\u0107e dinamici prigode. Po\u0161aljite svoj zahtjev putem na\u0161eg obrasca za kontakt i javite nam va\u0161e posebne \u017eelje. Popis na\u0161ih referenci mo\u017ee se na\u0107i u datoteci s informaci-jama o [&hellip;]","og_url":"https:\/\/meringolo.de\/hr\/internacionalna-glazba\/","og_site_name":"Christian Meringolo","article_modified_time":"2025-01-17T14:57:16+00:00","twitter_card":"summary_large_image","twitter_misc":{"Procijenjeno vrijeme \u010ditanja":"1 minuta"},"schema":{"@context":"https:\/\/schema.org","@graph":[{"@type":"WebPage","@id":"https:\/\/meringolo.de\/hr\/internacionalna-glazba\/","url":"https:\/\/meringolo.de\/hr\/internacionalna-glazba\/","name":"Internacionalna glazba - Christian Meringolo","isPartOf":{"@id":"https:\/\/meringolo.de\/hr\/#website"},"datePublished":"2025-01-17T13:19:51+00:00","dateModified":"2025-01-17T14:57:16+00:00","breadcrumb":{"@id":"https:\/\/meringolo.de\/hr\/internacionalna-glazba\/#breadcrumb"},"inLanguage":"hr","potentialAction":[{"@type":"ReadAction","target":["https:\/\/meringolo.de\/hr\/internacionalna-glazba\/"]}]},{"@type":"BreadcrumbList","@id":"https:\/\/meringolo.de\/hr\/internacionalna-glazba\/#breadcrumb","itemListElement":[{"@type":"ListItem","position":1,"name":"Startseite","item":"https:\/\/meringolo.de\/hr\/"},{"@type":"ListItem","position":2,"name":"Internacionalna glazba"}]},{"@type":"WebSite","@id":"https:\/\/meringolo.de\/hr\/#website","url":"https:\/\/meringolo.de\/hr\/","name":"Christian Meringolo","description":"Live Musik","potentialAction":[{"@type":"SearchAction","target":{"@type":"EntryPoint","urlTemplate":"https:\/\/meringolo.de\/hr\/?s={search_term_string}"},"query-input":{"@type":"PropertyValueSpecification","valueRequired":true,"valueName":"search_term_string"}}],"inLanguage":"hr"}]}},"_links":{"self":[{"href":"https:\/\/meringolo.de\/hr\/wp-json\/wp\/v2\/pages\/3146","targetHints":{"allow":["GET"]}}],"collection":[{"href":"https:\/\/meringolo.de\/hr\/wp-json\/wp\/v2\/pages"}],"about":[{"href":"https:\/\/meringolo.de\/hr\/wp-json\/wp\/v2\/types\/page"}],"author":[{"embeddable":true,"href":"https:\/\/meringolo.de\/hr\/wp-json\/wp\/v2\/users\/1"}],"replies":[{"embeddable":true,"href":"https:\/\/meringolo.de\/hr\/wp-json\/wp\/v2\/comments?post=3146"}],"version-history":[{"count":3,"href":"https:\/\/meringolo.de\/hr\/wp-json\/wp\/v2\/pages\/3146\/revisions"}],"predecessor-version":[{"id":3149,"href":"https:\/\/meringolo.de\/hr\/wp-json\/wp\/v2\/pages\/3146\/revisions\/3149"}],"wp:attachment":[{"href":"https:\/\/meringolo.de\/hr\/wp-json\/wp\/v2\/media?parent=3146"}],"curies":[{"name":"wp","href":"https:\/\/api.w.org\/{rel}","templated":true}]}}