{"id":3150,"date":"2025-01-17T14:21:32","date_gmt":"2025-01-17T13:21:32","guid":{"rendered":"https:\/\/meringolo.de\/?page_id=3150"},"modified":"2025-01-17T15:58:30","modified_gmt":"2025-01-17T14:58:30","slug":"talijanska-glazba","status":"publish","type":"page","link":"https:\/\/meringolo.de\/hr\/talijanska-glazba\/","title":{"rendered":"talijanska glazba"},"content":{"rendered":"\t\t<div data-elementor-type=\"wp-page\" data-elementor-id=\"3150\" class=\"elementor elementor-3150\" data-elementor-post-type=\"page\">\n\t\t\t\t<div class=\"elementor-element elementor-element-f10df04 e-flex e-con-boxed e-con e-parent\" data-id=\"f10df04\" data-element_type=\"container\" data-e-type=\"container\">\n\t\t\t\t\t<div class=\"e-con-inner\">\n\t\t<div class=\"elementor-element elementor-element-fc01575 e-con-full e-flex e-con e-child\" data-id=\"fc01575\" data-element_type=\"container\" data-e-type=\"container\">\n\t\t\t\t<div class=\"elementor-element elementor-element-de7d2ba elementor-widget elementor-widget-video\" data-id=\"de7d2ba\" data-element_type=\"widget\" data-e-type=\"widget\" data-settings=\"{&quot;youtube_url&quot;:&quot;https:\\\/\\\/youtu.be\\\/zZA04vvwMgg?t=118&quot;,&quot;video_type&quot;:&quot;youtube&quot;,&quot;controls&quot;:&quot;yes&quot;}\" data-widget_type=\"video.default\">\n\t\t\t\t<div class=\"elementor-widget-container\">\n\t\t\t\t\t\t\t<div class=\"elementor-wrapper elementor-open-inline\">\n\t\t\t<div class=\"elementor-video\"><\/div>\t\t<\/div>\n\t\t\t\t\t\t<\/div>\n\t\t\t\t<\/div>\n\t\t\t\t<\/div>\n\t\t<div class=\"elementor-element elementor-element-8f22095 e-con-full e-flex e-con e-child\" data-id=\"8f22095\" data-element_type=\"container\" data-e-type=\"container\">\n\t\t\t\t<div class=\"elementor-element elementor-element-aee5f9f elementor-widget elementor-widget-heading\" data-id=\"aee5f9f\" data-element_type=\"widget\" data-e-type=\"widget\" data-widget_type=\"heading.default\">\n\t\t\t\t<div class=\"elementor-widget-container\">\n\t\t\t\t\t<h2 class=\"elementor-heading-title elementor-size-default\">talijanska glazba<\/h2>\t\t\t\t<\/div>\n\t\t\t\t<\/div>\n\t\t\t\t<div class=\"elementor-element elementor-element-ac0b531 elementor-widget elementor-widget-text-editor\" data-id=\"ac0b531\" data-element_type=\"widget\" data-e-type=\"widget\" data-widget_type=\"text-editor.default\">\n\t\t\t\t<div class=\"elementor-widget-container\">\n\t\t\t\t\t\t\t\t\tLeidenschaft, Emotionen und Spontanit\u00e4t sind die besonderen Zutaten, die das italienische Lebensgef\u00fchl \u201ela dolce vita\u201c verk\u00f6rpern. Christian Meringolo und seine Band haben \u00fcber die Jahre gelernt genau diese Schwerpunkte in Ihre Konzerte einzubinden.\t\t\t\t\t\t\t\t<\/div>\n\t\t\t\t<\/div>\n\t\t\t\t<div class=\"elementor-element elementor-element-84c4af0 elementor-widget elementor-widget-text-editor\" data-id=\"84c4af0\" data-element_type=\"widget\" data-e-type=\"widget\" data-widget_type=\"text-editor.default\">\n\t\t\t\t<div class=\"elementor-widget-container\">\n\t\t\t\t\t\t\t\t\t<p>Svestran na glazbenoj sceni, individualist u stilu I glazbenom izricanju, autenti\u010dan i prizemljen.<br \/>Ovako ga opisuju njegovi obo\u017eavatelji.<br \/><br \/>I sam Christian Meringolo opisuje se kao porijeklom iz Bonna s njemackom I talijanskom nacionalno\u0161\u0107u. Izvorna mu je ideja bila da ponajprije NRW-u odr\u017eava solisti\u010dke koncerte, u me\u0111uvremenu su njegovi live nastupi tra\u017eeni u cijeloj Njema\u010dkoj, Austriji, i u Italiji.<\/p><p>Njegova koncertna serija \u201c Christian Meringolo &amp; Friends\u201d uspije\u0161no je pokrenuta u rujnu 2016.godine i od tada se odr\u017eava svake godine u Bonner Harmonie. Posebni gosti na pozornici bili su Makeda, Rafael Cortes, Riccardo Doppio, Yasmina Hunzinger, { The Voice Njemacke } i Ricardo Marinello { pobjednik prvog Supertalenta show-a}.<\/p><p>Osim toga, ovaj strastveni talijanski glazbenik prati kruzer brod { MS Amadea } od 2019.godine na razli\u010ditim putovanjima svijeta.<\/p><p>Christian Meringolo I njegov band sviraju izme\u0111u 80 i 100 koncerata godi\u0161nje najrazli\u010ditijih prigoda. 2018. Studijski album \u201cSOLARE\u201d objavljen je u ljeto 2022. godine.<\/p>\t\t\t\t\t\t\t\t<\/div>\n\t\t\t\t<\/div>\n\t\t\t\t<\/div>\n\t\t\t\t\t<\/div>\n\t\t\t\t<\/div>\n\t\t<div class=\"elementor-element elementor-element-30f85e3 e-flex e-con-boxed e-con e-parent\" data-id=\"30f85e3\" data-element_type=\"container\" data-e-type=\"container\">\n\t\t\t\t\t<div class=\"e-con-inner\">\n\t\t<div class=\"elementor-element elementor-element-60cad9a e-con-full e-flex e-con e-child\" data-id=\"60cad9a\" data-element_type=\"container\" data-e-type=\"container\">\n\t\t\t\t<div class=\"elementor-element elementor-element-696cd67 elementor-widget elementor-widget-heading\" data-id=\"696cd67\" data-element_type=\"widget\" data-e-type=\"widget\" data-widget_type=\"heading.default\">\n\t\t\t\t<div class=\"elementor-widget-container\">\n\t\t\t\t\t<h3 class=\"elementor-heading-title elementor-size-default\">Via con me &amp; L'Italiano - Traumschiff<\/h3>\t\t\t\t<\/div>\n\t\t\t\t<\/div>\n\t\t\t\t<div class=\"elementor-element elementor-element-10acde3 elementor-widget elementor-widget-video\" data-id=\"10acde3\" data-element_type=\"widget\" data-e-type=\"widget\" data-settings=\"{&quot;youtube_url&quot;:&quot;https:\\\/\\\/www.youtube.com\\\/watch?v=XOgSNDOrKVQ&quot;,&quot;video_type&quot;:&quot;youtube&quot;,&quot;controls&quot;:&quot;yes&quot;}\" data-widget_type=\"video.default\">\n\t\t\t\t<div class=\"elementor-widget-container\">\n\t\t\t\t\t\t\t<div class=\"elementor-wrapper elementor-open-inline\">\n\t\t\t<div class=\"elementor-video\"><\/div>\t\t<\/div>\n\t\t\t\t\t\t<\/div>\n\t\t\t\t<\/div>\n\t\t\t\t<\/div>\n\t\t<div class=\"elementor-element elementor-element-3e8a6a8 e-con-full e-flex e-con e-child\" data-id=\"3e8a6a8\" data-element_type=\"container\" data-e-type=\"container\">\n\t\t\t\t<div class=\"elementor-element elementor-element-ddb68de elementor-widget elementor-widget-heading\" data-id=\"ddb68de\" data-element_type=\"widget\" data-e-type=\"widget\" data-widget_type=\"heading.default\">\n\t\t\t\t<div class=\"elementor-widget-container\">\n\t\t\t\t\t<h3 class=\"elementor-heading-title elementor-size-default\">Christian Meringolo &amp; Friends in Bonn<\/h3>\t\t\t\t<\/div>\n\t\t\t\t<\/div>\n\t\t\t\t<div class=\"elementor-element elementor-element-79ec873 elementor-widget elementor-widget-video\" data-id=\"79ec873\" data-element_type=\"widget\" data-e-type=\"widget\" data-settings=\"{&quot;youtube_url&quot;:&quot;https:\\\/\\\/www.youtube.com\\\/watch?v=LjNS54fcQF0&amp;t=6s&quot;,&quot;video_type&quot;:&quot;youtube&quot;,&quot;controls&quot;:&quot;yes&quot;}\" data-widget_type=\"video.default\">\n\t\t\t\t<div class=\"elementor-widget-container\">\n\t\t\t\t\t\t\t<div class=\"elementor-wrapper elementor-open-inline\">\n\t\t\t<div class=\"elementor-video\"><\/div>\t\t<\/div>\n\t\t\t\t\t\t<\/div>\n\t\t\t\t<\/div>\n\t\t\t\t<\/div>\n\t\t\t\t\t<\/div>\n\t\t\t\t<\/div>\n\t\t<div class=\"elementor-element elementor-element-443e0fc e-flex e-con-boxed e-con e-parent\" data-id=\"443e0fc\" data-element_type=\"container\" data-e-type=\"container\">\n\t\t\t\t\t<div class=\"e-con-inner\">\n\t\t<div class=\"elementor-element elementor-element-08dfd26 e-con-full e-flex e-con e-child\" data-id=\"08dfd26\" data-element_type=\"container\" data-e-type=\"container\">\n\t\t\t\t<div class=\"elementor-element elementor-element-265f24d elementor-widget elementor-widget-heading\" data-id=\"265f24d\" data-element_type=\"widget\" data-e-type=\"widget\" data-widget_type=\"heading.default\">\n\t\t\t\t<div class=\"elementor-widget-container\">\n\t\t\t\t\t<h3 class=\"elementor-heading-title elementor-size-default\">HRT TV Kroatien<\/h3>\t\t\t\t<\/div>\n\t\t\t\t<\/div>\n\t\t\t\t<div class=\"elementor-element elementor-element-fdbe23a elementor-widget elementor-widget-video\" data-id=\"fdbe23a\" data-element_type=\"widget\" data-e-type=\"widget\" data-settings=\"{&quot;youtube_url&quot;:&quot;https:\\\/\\\/www.youtube.com\\\/watch?v=9uGYcai0NqI&quot;,&quot;video_type&quot;:&quot;youtube&quot;,&quot;controls&quot;:&quot;yes&quot;}\" data-widget_type=\"video.default\">\n\t\t\t\t<div class=\"elementor-widget-container\">\n\t\t\t\t\t\t\t<div class=\"elementor-wrapper elementor-open-inline\">\n\t\t\t<div class=\"elementor-video\"><\/div>\t\t<\/div>\n\t\t\t\t\t\t<\/div>\n\t\t\t\t<\/div>\n\t\t\t\t<\/div>\n\t\t<div class=\"elementor-element elementor-element-8a7a5ca e-con-full e-flex e-con e-child\" data-id=\"8a7a5ca\" data-element_type=\"container\" data-e-type=\"container\">\n\t\t\t\t<div class=\"elementor-element elementor-element-46678a6 elementor-widget elementor-widget-heading\" data-id=\"46678a6\" data-element_type=\"widget\" data-e-type=\"widget\" data-widget_type=\"heading.default\">\n\t\t\t\t<div class=\"elementor-widget-container\">\n\t\t\t\t\t<h3 class=\"elementor-heading-title elementor-size-default\"><a href=\"https:\/\/youtu.be\/3DFSzvnh1PQ?si=Z2hPZmxcctXJNib6\">Harmoniekonzert 2016<\/a><\/h3>\t\t\t\t<\/div>\n\t\t\t\t<\/div>\n\t\t\t\t<div class=\"elementor-element elementor-element-bf104ee elementor-widget elementor-widget-video\" data-id=\"bf104ee\" data-element_type=\"widget\" data-e-type=\"widget\" data-settings=\"{&quot;youtube_url&quot;:&quot;https:\\\/\\\/youtu.be\\\/3DFSzvnh1PQ?si=Z2hPZmxcctXJNib6&quot;,&quot;video_type&quot;:&quot;youtube&quot;,&quot;controls&quot;:&quot;yes&quot;}\" data-widget_type=\"video.default\">\n\t\t\t\t<div class=\"elementor-widget-container\">\n\t\t\t\t\t\t\t<div class=\"elementor-wrapper elementor-open-inline\">\n\t\t\t<div class=\"elementor-video\"><\/div>\t\t<\/div>\n\t\t\t\t\t\t<\/div>\n\t\t\t\t<\/div>\n\t\t\t\t<\/div>\n\t\t\t\t\t<\/div>\n\t\t\t\t<\/div>\n\t\t\t\t<\/div>\n\t\t","protected":false},"excerpt":{"rendered":"<p>talijanska glazba Leidenschaft, Emotionen und Spontanit\u00e4t sind die besonderen Zutaten, die das italienische Lebensgef\u00fchl \u201ela dolce vita\u201c verk\u00f6rpern. Christian Meringolo und seine Band haben \u00fcber die Jahre gelernt genau diese Schwerpunkte in Ihre Konzerte einzubinden. Svestran na glazbenoj sceni, individualist u stilu I glazbenom izricanju, autenti\u010dan i prizemljen.Ovako ga opisuju njegovi obo\u017eavatelji. I sam Christian [&hellip;]<\/p>\n","protected":false},"author":1,"featured_media":0,"parent":0,"menu_order":0,"comment_status":"closed","ping_status":"closed","template":"","meta":{"footnotes":""},"class_list":["post-3150","page","type-page","status-publish","hentry"],"yoast_head":"<!-- This site is optimized with the Yoast SEO plugin v26.8 - https:\/\/yoast.com\/product\/yoast-seo-wordpress\/ -->\n<title>talijanska glazba - Christian Meringolo<\/title>\n<meta name=\"robots\" content=\"index, follow, max-snippet:-1, max-image-preview:large, max-video-preview:-1\" \/>\n<link rel=\"canonical\" href=\"https:\/\/meringolo.de\/hr\/talijanska-glazba\/\" \/>\n<meta property=\"og:locale\" content=\"hr_HR\" \/>\n<meta property=\"og:type\" content=\"article\" \/>\n<meta property=\"og:title\" content=\"talijanska glazba - Christian Meringolo\" \/>\n<meta property=\"og:description\" content=\"talijanska glazba Leidenschaft, Emotionen und Spontanit\u00e4t sind die besonderen Zutaten, die das italienische Lebensgef\u00fchl \u201ela dolce vita\u201c verk\u00f6rpern. Christian Meringolo und seine Band haben \u00fcber die Jahre gelernt genau diese Schwerpunkte in Ihre Konzerte einzubinden. Svestran na glazbenoj sceni, individualist u stilu I glazbenom izricanju, autenti\u010dan i prizemljen.Ovako ga opisuju njegovi obo\u017eavatelji. I sam Christian [&hellip;]\" \/>\n<meta property=\"og:url\" content=\"https:\/\/meringolo.de\/hr\/talijanska-glazba\/\" \/>\n<meta property=\"og:site_name\" content=\"Christian Meringolo\" \/>\n<meta property=\"article:modified_time\" content=\"2025-01-17T14:58:30+00:00\" \/>\n<meta name=\"twitter:card\" content=\"summary_large_image\" \/>\n<meta name=\"twitter:label1\" content=\"Procijenjeno vrijeme \u010ditanja\" \/>\n\t<meta name=\"twitter:data1\" content=\"2 minute\" \/>\n<script type=\"application\/ld+json\" class=\"yoast-schema-graph\">{\"@context\":\"https:\/\/schema.org\",\"@graph\":[{\"@type\":\"WebPage\",\"@id\":\"https:\/\/meringolo.de\/hr\/talijanska-glazba\/\",\"url\":\"https:\/\/meringolo.de\/hr\/talijanska-glazba\/\",\"name\":\"talijanska glazba - Christian Meringolo\",\"isPartOf\":{\"@id\":\"https:\/\/meringolo.de\/hr\/#website\"},\"datePublished\":\"2025-01-17T13:21:32+00:00\",\"dateModified\":\"2025-01-17T14:58:30+00:00\",\"breadcrumb\":{\"@id\":\"https:\/\/meringolo.de\/hr\/talijanska-glazba\/#breadcrumb\"},\"inLanguage\":\"hr\",\"potentialAction\":[{\"@type\":\"ReadAction\",\"target\":[\"https:\/\/meringolo.de\/hr\/talijanska-glazba\/\"]}]},{\"@type\":\"BreadcrumbList\",\"@id\":\"https:\/\/meringolo.de\/hr\/talijanska-glazba\/#breadcrumb\",\"itemListElement\":[{\"@type\":\"ListItem\",\"position\":1,\"name\":\"Startseite\",\"item\":\"https:\/\/meringolo.de\/hr\/\"},{\"@type\":\"ListItem\",\"position\":2,\"name\":\"talijanska glazba\"}]},{\"@type\":\"WebSite\",\"@id\":\"https:\/\/meringolo.de\/hr\/#website\",\"url\":\"https:\/\/meringolo.de\/hr\/\",\"name\":\"Christian Meringolo\",\"description\":\"Live Musik\",\"potentialAction\":[{\"@type\":\"SearchAction\",\"target\":{\"@type\":\"EntryPoint\",\"urlTemplate\":\"https:\/\/meringolo.de\/hr\/?s={search_term_string}\"},\"query-input\":{\"@type\":\"PropertyValueSpecification\",\"valueRequired\":true,\"valueName\":\"search_term_string\"}}],\"inLanguage\":\"hr\"}]}<\/script>\n<!-- \/ Yoast SEO plugin. -->","yoast_head_json":{"title":"talijanska glazba - Christian Meringolo","robots":{"index":"index","follow":"follow","max-snippet":"max-snippet:-1","max-image-preview":"max-image-preview:large","max-video-preview":"max-video-preview:-1"},"canonical":"https:\/\/meringolo.de\/hr\/talijanska-glazba\/","og_locale":"hr_HR","og_type":"article","og_title":"talijanska glazba - Christian Meringolo","og_description":"talijanska glazba Leidenschaft, Emotionen und Spontanit\u00e4t sind die besonderen Zutaten, die das italienische Lebensgef\u00fchl \u201ela dolce vita\u201c verk\u00f6rpern. Christian Meringolo und seine Band haben \u00fcber die Jahre gelernt genau diese Schwerpunkte in Ihre Konzerte einzubinden. Svestran na glazbenoj sceni, individualist u stilu I glazbenom izricanju, autenti\u010dan i prizemljen.Ovako ga opisuju njegovi obo\u017eavatelji. I sam Christian [&hellip;]","og_url":"https:\/\/meringolo.de\/hr\/talijanska-glazba\/","og_site_name":"Christian Meringolo","article_modified_time":"2025-01-17T14:58:30+00:00","twitter_card":"summary_large_image","twitter_misc":{"Procijenjeno vrijeme \u010ditanja":"2 minute"},"schema":{"@context":"https:\/\/schema.org","@graph":[{"@type":"WebPage","@id":"https:\/\/meringolo.de\/hr\/talijanska-glazba\/","url":"https:\/\/meringolo.de\/hr\/talijanska-glazba\/","name":"talijanska glazba - Christian Meringolo","isPartOf":{"@id":"https:\/\/meringolo.de\/hr\/#website"},"datePublished":"2025-01-17T13:21:32+00:00","dateModified":"2025-01-17T14:58:30+00:00","breadcrumb":{"@id":"https:\/\/meringolo.de\/hr\/talijanska-glazba\/#breadcrumb"},"inLanguage":"hr","potentialAction":[{"@type":"ReadAction","target":["https:\/\/meringolo.de\/hr\/talijanska-glazba\/"]}]},{"@type":"BreadcrumbList","@id":"https:\/\/meringolo.de\/hr\/talijanska-glazba\/#breadcrumb","itemListElement":[{"@type":"ListItem","position":1,"name":"Startseite","item":"https:\/\/meringolo.de\/hr\/"},{"@type":"ListItem","position":2,"name":"talijanska glazba"}]},{"@type":"WebSite","@id":"https:\/\/meringolo.de\/hr\/#website","url":"https:\/\/meringolo.de\/hr\/","name":"Christian Meringolo","description":"Live Musik","potentialAction":[{"@type":"SearchAction","target":{"@type":"EntryPoint","urlTemplate":"https:\/\/meringolo.de\/hr\/?s={search_term_string}"},"query-input":{"@type":"PropertyValueSpecification","valueRequired":true,"valueName":"search_term_string"}}],"inLanguage":"hr"}]}},"_links":{"self":[{"href":"https:\/\/meringolo.de\/hr\/wp-json\/wp\/v2\/pages\/3150","targetHints":{"allow":["GET"]}}],"collection":[{"href":"https:\/\/meringolo.de\/hr\/wp-json\/wp\/v2\/pages"}],"about":[{"href":"https:\/\/meringolo.de\/hr\/wp-json\/wp\/v2\/types\/page"}],"author":[{"embeddable":true,"href":"https:\/\/meringolo.de\/hr\/wp-json\/wp\/v2\/users\/1"}],"replies":[{"embeddable":true,"href":"https:\/\/meringolo.de\/hr\/wp-json\/wp\/v2\/comments?post=3150"}],"version-history":[{"count":6,"href":"https:\/\/meringolo.de\/hr\/wp-json\/wp\/v2\/pages\/3150\/revisions"}],"predecessor-version":[{"id":3156,"href":"https:\/\/meringolo.de\/hr\/wp-json\/wp\/v2\/pages\/3150\/revisions\/3156"}],"wp:attachment":[{"href":"https:\/\/meringolo.de\/hr\/wp-json\/wp\/v2\/media?parent=3150"}],"curies":[{"name":"wp","href":"https:\/\/api.w.org\/{rel}","templated":true}]}}